{"id":58,"date":"2024-03-15T11:39:24","date_gmt":"2024-03-15T10:39:24","guid":{"rendered":"https:\/\/cafeteriaculturalsalvaterra.com\/?page_id=58"},"modified":"2024-03-19T09:41:36","modified_gmt":"2024-03-19T08:41:36","slug":"nosotros","status":"publish","type":"page","link":"https:\/\/cafeteriaculturalsalvaterra.com\/index.php\/nosotros\/","title":{"rendered":"Nosotros"},"content":{"rendered":"\n<h2 class=\"wp-block-heading has-text-align-center\">\u00a1Bienvenidos al Centro Cultural de Salvaterra!<\/h2>\n\n\n\n<div class=\"wp-block-columns has-background is-layout-flex wp-container-core-columns-is-layout-9d6595d7 wp-block-columns-is-layout-flex\" style=\"background-color:#704f3887\">\n<div class=\"wp-block-column is-vertically-aligned-center is-layout-flow wp-block-column-is-layout-flow\">\n<p style=\"font-size:17px\">En el coraz\u00f3n de esta encantadora localidad, nos enorgullece ofrecerte una experiencia \u00fanica que combina cultura, gastronom\u00eda y el encanto de nuestro entorno. En nuestro centro, nos dedicamos a celebrar y promover el arte en todas sus formas, desde exposiciones y conciertos hasta talleres y eventos comunitarios. <\/p>\n\n\n\n<p style=\"font-size:17px\">Una de las joyas de nuestra oferta es nuestra exquisita selecci\u00f3n de productos locales para comer y beber. Nos comprometemos a proporcionar a nuestros visitantes una experiencia gastron\u00f3mica aut\u00e9ntica, donde podr\u00e1n deleitarse con los sabores tradicionales de la regi\u00f3n. Desde delicias culinarias hasta vinos y licores artesanales, cada bocado y sorbo est\u00e1 lleno de la pasi\u00f3n y la historia de Salvaterra.<\/p>\n<\/div>\n\n\n\n<div class=\"wp-block-column is-vertically-aligned-center is-layout-flow wp-block-column-is-layout-flow\"><div class=\"wp-block-image\">\n<figure class=\"aligncenter size-full\"><img loading=\"lazy\" decoding=\"async\" width=\"821\" height=\"685\" src=\"https:\/\/cafeteriaculturalsalvaterra.com\/wp-content\/uploads\/2024\/03\/Centro.png\" alt=\"\" class=\"wp-image-173\"\/><\/figure>\n<\/div><\/div>\n<\/div>\n\n\n\n<div class=\"wp-block-columns has-background is-layout-flex wp-container-core-columns-is-layout-9d6595d7 wp-block-columns-is-layout-flex\" style=\"background-color:#704f3887\">\n<div class=\"wp-block-column is-vertically-aligned-center is-layout-flow wp-block-column-is-layout-flow\"><div class=\"wp-block-image\">\n<figure class=\"aligncenter size-full\"><img loading=\"lazy\" decoding=\"async\" width=\"401\" height=\"300\" src=\"https:\/\/cafeteriaculturalsalvaterra.com\/wp-content\/uploads\/2024\/03\/centro-2.png\" alt=\"\" class=\"wp-image-170\"\/><\/figure>\n<\/div><\/div>\n\n\n\n<div class=\"wp-block-column is-vertically-aligned-center is-layout-flow wp-block-column-is-layout-flow\">\n<p style=\"font-size:17px\">Pero nuestro centro no solo es un destino para los amantes de la comida y la bebida, sino tambi\u00e9n para aquellos que buscan explorar la belleza y la riqueza cultural de la zona. Salvaterra es un lugar lleno de historia y encanto, con sus pintorescas calles, sus impresionantes paisajes naturales y su c\u00e1lida hospitalidad. Ya sea paseando por nuestros jardines bot\u00e1nicos, explorando antiguas ruinas o simplemente disfrutando de la tranquilidad de nuestros parques, encontrar\u00e1s que cada rinc\u00f3n de Salvaterra es un tesoro esperando a ser descubierto.<\/p>\n\n\n\n<p style=\"font-size:17px\">Te invitamos a que nos visites y te sumerjas en la vibrante vida cultural y culinaria de Salvaterra. Ya sea que est\u00e9s aqu\u00ed para disfrutar de una comida deliciosa, participar en un evento cultural o simplemente relajarte y disfrutar del ambiente, estamos seguros de que tu experiencia en nuestro centro ser\u00e1 inolvidable.<\/p>\n<\/div>\n<\/div>\n","protected":false},"excerpt":{"rendered":"<p>\u00a1Bienvenidos al Centro Cultural de Salvaterra! En el coraz\u00f3n de esta encantadora localidad, nos enorgullece ofrecerte una experiencia \u00fanica que combina cultura, gastronom\u00eda y el encanto de nuestro entorno. En nuestro centro, nos dedicamos a celebrar y promover el arte en todas sus formas, desde exposiciones y conciertos hasta talleres y eventos comunitarios. Una de [&hellip;]<\/p>\n","protected":false},"author":1,"featured_media":0,"parent":0,"menu_order":0,"comment_status":"closed","ping_status":"closed","template":"","meta":{"footnotes":""},"class_list":["post-58","page","type-page","status-publish","hentry"],"_links":{"self":[{"href":"https:\/\/cafeteriaculturalsalvaterra.com\/index.php\/wp-json\/wp\/v2\/pages\/58","targetHints":{"allow":["GET"]}}],"collection":[{"href":"https:\/\/cafeteriaculturalsalvaterra.com\/index.php\/wp-json\/wp\/v2\/pages"}],"about":[{"href":"https:\/\/cafeteriaculturalsalvaterra.com\/index.php\/wp-json\/wp\/v2\/types\/page"}],"author":[{"embeddable":true,"href":"https:\/\/cafeteriaculturalsalvaterra.com\/index.php\/wp-json\/wp\/v2\/users\/1"}],"replies":[{"embeddable":true,"href":"https:\/\/cafeteriaculturalsalvaterra.com\/index.php\/wp-json\/wp\/v2\/comments?post=58"}],"version-history":[{"count":33,"href":"https:\/\/cafeteriaculturalsalvaterra.com\/index.php\/wp-json\/wp\/v2\/pages\/58\/revisions"}],"predecessor-version":[{"id":174,"href":"https:\/\/cafeteriaculturalsalvaterra.com\/index.php\/wp-json\/wp\/v2\/pages\/58\/revisions\/174"}],"wp:attachment":[{"href":"https:\/\/cafeteriaculturalsalvaterra.com\/index.php\/wp-json\/wp\/v2\/media?parent=58"}],"curies":[{"name":"wp","href":"https:\/\/api.w.org\/{rel}","templated":true}]}}