{"id":18,"date":"2024-03-13T10:39:48","date_gmt":"2024-03-13T09:39:48","guid":{"rendered":"https:\/\/cafeteriaculturalsalvaterra.com\/?page_id=18"},"modified":"2024-03-19T09:43:35","modified_gmt":"2024-03-19T08:43:35","slug":"encuentranos","status":"publish","type":"page","link":"https:\/\/cafeteriaculturalsalvaterra.com\/index.php\/encuentranos\/","title":{"rendered":"Encu\u00e9ntranos"},"content":{"rendered":"\n<div class=\"wp-block-group alignfull has-text-color has-background\" style=\"color:#000000;background-color:#ffffff\"><div class=\"wp-block-group__inner-container is-layout-flow wp-block-group-is-layout-flow\">\n<p class=\"has-text-align-center has-small-font-size\" style=\"line-height:.9\">-Donde estamos-<\/p>\n\n\n\n<h2 class=\"wp-block-heading has-text-align-center\" id=\"schedule-a-visit\" style=\"font-size:59px;line-height:1.15\">Encu\u00e9ntranos <\/h2>\n<\/div><\/div>\n\n\n\n<div class=\"wp-block-columns are-vertically-aligned-center is-layout-flex wp-container-core-columns-is-layout-9d6595d7 wp-block-columns-is-layout-flex\">\n<div class=\"wp-block-column is-vertically-aligned-center is-layout-flow wp-block-column-is-layout-flow\">\n<figure class=\"wp-block-image size-full is-style-default\"><img loading=\"lazy\" decoding=\"async\" width=\"512\" height=\"384\" src=\"https:\/\/cafeteriaculturalsalvaterra.com\/wp-content\/uploads\/2024\/03\/centro-encuentranos.jpg\" alt=\"\" class=\"wp-image-175\"\/><\/figure>\n<\/div>\n\n\n\n<div class=\"wp-block-column is-vertically-aligned-center is-layout-flow wp-block-column-is-layout-flow\">\n<p class=\"has-text-align-left\"><strong>Tel\u00e9fono:<\/strong> 886216358<\/p>\n\n\n\n<p><strong>Direcci\u00f3n:<\/strong> Fontoura N\u00ba 15 3\u00ba C, Salvaterra<\/p>\n<\/div>\n<\/div>\n\n\n\t\t<div\n            id=\"wpmapblock_e3a2bfd9\"\n            data-settings='{&quot;map_marker&quot;:[{&quot;lat&quot;:&quot;42.0894314&quot;,&quot;lng&quot;:&quot;-8.516759&quot;,&quot;title&quot;:&quot;&quot;,&quot;content&quot;:&quot;&quot;,&quot;iconType&quot;:&quot;default&quot;,&quot;customIconUrl&quot;:&quot;&quot;,&quot;customIconWidth&quot;:&quot;25&quot;,&quot;customIconHeight&quot;:&quot;40&quot;}],&quot;map_zoom&quot;:10,&quot;scroll_wheel_zoom&quot;:false,&quot;map_type&quot;:&quot;GM&quot;,&quot;center_index&quot;:0}'\n            class=\"wpmapblockrender\"\n            style=\"\n\t\t\twidth: 100%;\n\t\t\theight: 247px;\n\t\t\"\n            >\n        <\/div>\n        ","protected":false},"excerpt":{"rendered":"<p>-Donde estamos- Encu\u00e9ntranos Tel\u00e9fono: 886216358 Direcci\u00f3n: Fontoura N\u00ba 15 3\u00ba C, Salvaterra<\/p>\n","protected":false},"author":1,"featured_media":0,"parent":0,"menu_order":0,"comment_status":"closed","ping_status":"closed","template":"","meta":{"footnotes":""},"class_list":["post-18","page","type-page","status-publish","hentry"],"_links":{"self":[{"href":"https:\/\/cafeteriaculturalsalvaterra.com\/index.php\/wp-json\/wp\/v2\/pages\/18","targetHints":{"allow":["GET"]}}],"collection":[{"href":"https:\/\/cafeteriaculturalsalvaterra.com\/index.php\/wp-json\/wp\/v2\/pages"}],"about":[{"href":"https:\/\/cafeteriaculturalsalvaterra.com\/index.php\/wp-json\/wp\/v2\/types\/page"}],"author":[{"embeddable":true,"href":"https:\/\/cafeteriaculturalsalvaterra.com\/index.php\/wp-json\/wp\/v2\/users\/1"}],"replies":[{"embeddable":true,"href":"https:\/\/cafeteriaculturalsalvaterra.com\/index.php\/wp-json\/wp\/v2\/comments?post=18"}],"version-history":[{"count":16,"href":"https:\/\/cafeteriaculturalsalvaterra.com\/index.php\/wp-json\/wp\/v2\/pages\/18\/revisions"}],"predecessor-version":[{"id":185,"href":"https:\/\/cafeteriaculturalsalvaterra.com\/index.php\/wp-json\/wp\/v2\/pages\/18\/revisions\/185"}],"wp:attachment":[{"href":"https:\/\/cafeteriaculturalsalvaterra.com\/index.php\/wp-json\/wp\/v2\/media?parent=18"}],"curies":[{"name":"wp","href":"https:\/\/api.w.org\/{rel}","templated":true}]}}